{"id":96,"date":"2020-06-04T18:28:43","date_gmt":"2020-06-04T18:28:43","guid":{"rendered":"http:\/\/www.aed-middendelfland.nl\/?page_id=96"},"modified":"2020-06-04T18:28:43","modified_gmt":"2020-06-04T18:28:43","slug":"nazorg","status":"publish","type":"page","link":"https:\/\/www.aed-middendelfland.nl\/?page_id=96","title":{"rendered":"Nazorg"},"content":{"rendered":"\n<p>Een inzet kan erg heftig zijn. Iemands leven redden kan u een heel goed gevoel geven. Maar gevoelens zoals angst, hulpeloosheid of afschuw zijn ook normaal. Napraten is een hele goede manier om een reanimatie te verwerken. <\/p>\n\n\n\n<p>Deel je ervaringe met de mensen die geholpen hebben bij de reanimatie en met je naasten.<\/p>\n\n\n\n<p>Heb je na een reanimatie behoefte aan nazorg? <a href=\"mailto:info@mariannevanmarrewijk.nl\">Klik hier <\/a>voor een e-mail naar Marianne van Marrewijk ondervermelding van uw naam, telefoonnummer of e-mail adres.<\/p>\n\n\n\n<p><strong>Marianne<\/strong>: &#8220;Ik ben er voor de burgerhulpverleners van Midden Delfland voor een luisteren oor en\/of therapeutische interventie na een reanimatie-inzet. Daarnaast is er nazorg via &#8211; Hartslag Nu (slachtofferhulp, telefonisch) of huisarts&#8221;<\/p>\n\n\n\n<p>Het is overigens belangrijk om te weten dat u geen informatie krijgt over de uitkomst van een reanimatie. Als een pati\u00ebnt ter plekke overlijdt, weet u dat de uitkomst niet goed is. In situaties waarbij het ambulanceteam de pati\u00ebnt meeneemt, krijgt u achteraf niet te horen of de pati\u00ebnt het heeft overleefd. Het verstrekken van dergelijke informatie over pati\u00ebnten is namelijk <strong>niet toegestaan<\/strong> op basis van de Nederlandse en Europese privacy wetgeving.<\/p>\n","protected":false},"excerpt":{"rendered":"<p>Een inzet kan erg heftig zijn. Iemands leven redden kan u een heel goed gevoel geven. Maar gevoelens zoals angst, hulpeloosheid of afschuw zijn ook normaal. Napraten is een hele goede manier om een reanimatie te verwerken. Deel je ervaringe met de mensen die geholpen hebben bij de reanimatie en met je naasten. Heb je [&hellip;]<\/p>\n","protected":false},"author":3842,"featured_media":0,"parent":0,"menu_order":0,"comment_status":"closed","ping_status":"closed","template":"","meta":{"footnotes":""},"class_list":["post-96","page","type-page","status-publish","hentry"],"_links":{"self":[{"href":"https:\/\/www.aed-middendelfland.nl\/index.php?rest_route=\/wp\/v2\/pages\/96","targetHints":{"allow":["GET"]}}],"collection":[{"href":"https:\/\/www.aed-middendelfland.nl\/index.php?rest_route=\/wp\/v2\/pages"}],"about":[{"href":"https:\/\/www.aed-middendelfland.nl\/index.php?rest_route=\/wp\/v2\/types\/page"}],"author":[{"embeddable":true,"href":"https:\/\/www.aed-middendelfland.nl\/index.php?rest_route=\/wp\/v2\/users\/3842"}],"replies":[{"embeddable":true,"href":"https:\/\/www.aed-middendelfland.nl\/index.php?rest_route=%2Fwp%2Fv2%2Fcomments&post=96"}],"version-history":[{"count":1,"href":"https:\/\/www.aed-middendelfland.nl\/index.php?rest_route=\/wp\/v2\/pages\/96\/revisions"}],"predecessor-version":[{"id":98,"href":"https:\/\/www.aed-middendelfland.nl\/index.php?rest_route=\/wp\/v2\/pages\/96\/revisions\/98"}],"wp:attachment":[{"href":"https:\/\/www.aed-middendelfland.nl\/index.php?rest_route=%2Fwp%2Fv2%2Fmedia&parent=96"}],"curies":[{"name":"wp","href":"https:\/\/api.w.org\/{rel}","templated":true}]}}